{"id":5689,"date":"2023-03-21T08:19:55","date_gmt":"2023-03-21T07:19:55","guid":{"rendered":"https:\/\/www.k-schuessler.de\/de\/?page_id=5689"},"modified":"2023-11-15T08:17:33","modified_gmt":"2023-11-15T07:17:33","slug":"impressum","status":"publish","type":"page","link":"https:\/\/www.k-schuessler.de\/de\/impressum\/","title":{"rendered":"Impressum"},"content":{"rendered":"\t\t<div data-elementor-type=\"wp-page\" data-elementor-id=\"5689\" class=\"elementor elementor-5689\" data-elementor-post-type=\"page\">\n\t\t\t\t\t\t\t\t\t<section class=\"elementor-section elementor-top-section elementor-element elementor-element-6fb1b10 elementor-section-boxed elementor-section-height-default elementor-section-height-default\" data-id=\"6fb1b10\" data-element_type=\"section\">\n\t\t\t\t\t\t<div class=\"elementor-container elementor-column-gap-default\">\n\t\t\t\t\t<div class=\"elementor-column elementor-col-100 elementor-top-column elementor-element elementor-element-00f61a1\" data-id=\"00f61a1\" data-element_type=\"column\">\n\t\t\t<div class=\"elementor-widget-wrap elementor-element-populated\">\n\t\t\t\t\t\t\t\t<div class=\"elementor-element elementor-element-11185ef elementor-widget elementor-widget-slider_revolution\" data-id=\"11185ef\" data-element_type=\"widget\" data-widget_type=\"slider_revolution.default\">\n\t\t\t\t<div class=\"elementor-widget-container\">\n\t\t\t\n\t\t<div class=\"wp-block-themepunch-revslider\">\n\t\t\t<!-- START Impressum REVOLUTION SLIDER 6.6.11 --><p class=\"rs-p-wp-fix\"><\/p>\n\t\t\t<rs-module-wrap id=\"rev_slider_11_1_wrapper\" data-source=\"gallery\" style=\"visibility:hidden;background:transparent;padding:0;margin:0px auto;margin-top:0;margin-bottom:0;\">\n\t\t\t\t<rs-module id=\"rev_slider_11_1\" style=\"\" data-version=\"6.6.11\">\n\t\t\t\t\t<rs-slides style=\"overflow: hidden; position: absolute;\">\n\t\t\t\t\t\t<rs-slide style=\"position: absolute;\" data-key=\"rs-74\" data-title=\"Slide\" data-anim=\"ms:50;\" data-in=\"o:1;x:-100%;\" data-out=\"a:false;\" data-sloop=\"s:9000;e:9000;\">\n\t\t\t\t\t\t\t<img decoding=\"async\" src=\"\/\/www.k-schuessler.de\/de\/wp-content\/plugins\/revslider\/public\/assets\/assets\/dummy.png\" alt=\"Slide\" title=\"Impressum\" class=\"rev-slidebg tp-rs-img rs-lazyload\" data-lazyload=\"\/\/www.k-schuessler.de\/de\/wp-content\/plugins\/revslider\/public\/assets\/assets\/transparent.png\" data-no-retina>\n<!--\n\t\t\t\t\t\t\t--><rs-layer\n\t\t\t\t\t\t\t\tid=\"slider-11-slide-74-layer-0\" \n\t\t\t\t\t\t\t\tclass=\"rs-selectable\"\n\t\t\t\t\t\t\t\tdata-type=\"shape\"\n\t\t\t\t\t\t\t\tdata-bsh=\"h:-10px,-10px,-10px,-3px;v:10px,10px,10px,3px;b:10px,10px,10px,3px;s:10px,10px,10px,3px;\"\n\t\t\t\t\t\t\t\tdata-rsp_ch=\"on\"\n\t\t\t\t\t\t\t\tdata-xy=\"x:r;yo:0,0,0,238px;\"\n\t\t\t\t\t\t\t\tdata-text=\"w:normal;s:20,20,20,6;l:0,0,0,8;\"\n\t\t\t\t\t\t\t\tdata-dim=\"w:900px,900px,900px,478px;h:400px,400px,400px,287px;\"\n\t\t\t\t\t\t\t\tdata-frame_0=\"x:-100%;\"\n\t\t\t\t\t\t\t\tdata-frame_0_mask=\"u:t;\"\n\t\t\t\t\t\t\t\tdata-frame_1=\"sp:1000;\"\n\t\t\t\t\t\t\t\tdata-frame_1_mask=\"u:t;\"\n\t\t\t\t\t\t\t\tdata-frame_999=\"o:0;st:w;\"\n\t\t\t\t\t\t\t\tstyle=\"z-index:6;background-color:rgba(0,0,0,0.5);\"\n\t\t\t\t\t\t\t><rs-bg-elem style=\"background: url('\/\/www.k-schuessler.de\/de\/wp-content\/uploads\/sites\/5\/2024\/09\/Schuessler_Header2.jpg') no-repeat center center; background-size: cover;\"><\/rs-bg-elem>\n \n\t\t\t\t\t\t\t<\/rs-layer><!--\n\n\t\t\t\t\t\t\t--><rs-layer\n\t\t\t\t\t\t\t\tid=\"slider-11-slide-74-layer-2\" \n\t\t\t\t\t\t\t\tclass=\"rs-selectable\"\n\t\t\t\t\t\t\t\tdata-type=\"image\"\n\t\t\t\t\t\t\t\tdata-rsp_ch=\"on\"\n\t\t\t\t\t\t\t\tdata-xy=\"x:l,l,l,c;xo:460px,460px,460px,0;yo:180px,180px,180px,210px;\"\n\t\t\t\t\t\t\t\tdata-text=\"w:normal;s:20,20,20,6;l:0,0,0,8;\"\n\t\t\t\t\t\t\t\tdata-dim=\"w:75px,75px,75px,50px;h:75px,75px,75px,50px;\"\n\t\t\t\t\t\t\t\tdata-frame_1=\"sp:1000;\"\n\t\t\t\t\t\t\t\tdata-frame_999=\"o:0;st:w;\"\n\t\t\t\t\t\t\t\tstyle=\"z-index:9;\"\n\t\t\t\t\t\t\t><img decoding=\"async\" src=\"\/\/www.k-schuessler.de\/de\/wp-content\/plugins\/revslider\/public\/assets\/assets\/dummy.png\" alt=\"\" class=\"tp-rs-img rs-lazyload\" width=\"136\" height=\"136\" data-lazyload=\"\/\/www.k-schuessler.de\/de\/wp-content\/uploads\/2022\/05\/icon-slider-home1.png\" data-no-retina> \n\t\t\t\t\t\t\t<\/rs-layer><!--\n\n\t\t\t\t\t\t\t--><rs-layer\n\t\t\t\t\t\t\t\tid=\"slider-11-slide-74-layer-3\" \n\t\t\t\t\t\t\t\tclass=\"my_font rs-selectable\"\n\t\t\t\t\t\t\t\tdata-type=\"text\"\n\t\t\t\t\t\t\t\tdata-color=\"#0e3d8a\"\n\t\t\t\t\t\t\t\tdata-rsp_ch=\"on\"\n\t\t\t\t\t\t\t\tdata-xy=\"x:l,l,l,c;yo:167px,167px,167px,100px;\"\n\t\t\t\t\t\t\t\tdata-text=\"w:normal;s:30,30,30,25;l:40,40,40,37;a:center;\"\n\t\t\t\t\t\t\t\tdata-dim=\"w:500px,500px,500px,478px;\"\n\t\t\t\t\t\t\t\tdata-frame_1=\"sp:1000;\"\n\t\t\t\t\t\t\t\tdata-frame_999=\"o:0;st:w;\"\n\t\t\t\t\t\t\t\tstyle=\"z-index:7;font-family:'helveticaLTStd-Cond';\"\n\t\t\t\t\t\t\t>IMPRESSUM \n\t\t\t\t\t\t\t<\/rs-layer><!--\n-->\t\t\t\t\t\t<\/rs-slide>\n\t\t\t\t\t<\/rs-slides>\n\t\t\t\t\t<rs-static-layers><!--\n\n\t\t\t\t\t\t\t--><rs-layer\n\t\t\t\t\t\t\t\tid=\"slider-11-slide-11-layer-8\" \n\t\t\t\t\t\t\t\tclass=\"rs-selectable rs-layer-static\"\n\t\t\t\t\t\t\t\tdata-type=\"shape\"\n\t\t\t\t\t\t\t\tdata-bsh=\"c:rgba(0,0,0,0.84);h:8px,8px,8px,1px;b:15px,15px,15px,4px;\"\n\t\t\t\t\t\t\t\tdata-rsp_ch=\"on\"\n\t\t\t\t\t\t\t\tdata-xy=\"x:r;xo:900px,900px,900px,0;\"\n\t\t\t\t\t\t\t\tdata-text=\"w:normal;s:20,20,20,6;l:0,0,0,8;\"\n\t\t\t\t\t\t\t\tdata-dim=\"w:500px,500px,500px,479px;h:400px,400px,400px,238px;\"\n\t\t\t\t\t\t\t\tdata-onslides=\"s:1;\"\n\t\t\t\t\t\t\t\tdata-staticz=\"back\"\n\t\t\t\t\t\t\t\tdata-blendmode=\"hard-light\"\n\t\t\t\t\t\t\t\tdata-border=\"bos:solid;boc:rgba(0, 0, 0, 0.48);bow:0,0px,0,0;bor:0,0px,0px,0;\"\n\t\t\t\t\t\t\t\tdata-frame_999=\"o:0;st:w;\"\n\t\t\t\t\t\t\t\tstyle=\"z-index:6;background-color:rgba(0,0,0,0.5);\"\n\t\t\t\t\t\t\t><rs-bg-elem style=\"background: url('\/\/www.k-schuessler.de\/de\/wp-content\/uploads\/2022\/05\/Hintergrund.png') repeat center center; background-size: 100%;\"><\/rs-bg-elem>\n \n\t\t\t\t\t\t\t<\/rs-layer><!--\n\t\t\t\t\t--><\/rs-static-layers>\n\t\t\t\t<\/rs-module>\n\t\t\t\t<script>\n\t\t\t\t\tsetREVStartSize({c: 'rev_slider_11_1',rl:[1240,1240,1240,480],el:[440,440,440,580],gw:[1400,1400,1400,480],gh:[440,440,440,580],type:'standard',justify:'',layout:'fullwidth',mh:\"0\"});if (window.RS_MODULES!==undefined && window.RS_MODULES.modules!==undefined && window.RS_MODULES.modules[\"revslider111\"]!==undefined) {window.RS_MODULES.modules[\"revslider111\"].once = false;window.revapi11 = undefined;if (window.RS_MODULES.checkMinimal!==undefined) window.RS_MODULES.checkMinimal()}\n\t\t\t\t<\/script>\n\t\t\t<\/rs-module-wrap>\n\t\t\t<!-- END REVOLUTION SLIDER -->\n<\/div>\n\n\t\t\t\t<\/div>\n\t\t\t\t<\/div>\n\t\t\t\t\t<\/div>\n\t\t<\/div>\n\t\t\t\t\t\t\t<\/div>\n\t\t<\/section>\n\t\t\t\t<section class=\"elementor-section elementor-top-section elementor-element elementor-element-db4b08c elementor-section-boxed elementor-section-height-default elementor-section-height-default\" data-id=\"db4b08c\" data-element_type=\"section\">\n\t\t\t\t\t\t<div class=\"elementor-container elementor-column-gap-default\">\n\t\t\t\t\t<div class=\"elementor-column elementor-col-100 elementor-top-column elementor-element elementor-element-05489ee\" data-id=\"05489ee\" data-element_type=\"column\">\n\t\t\t<div class=\"elementor-widget-wrap elementor-element-populated\">\n\t\t\t\t\t\t\t\t<section class=\"elementor-section elementor-inner-section elementor-element elementor-element-316045d elementor-section-boxed elementor-section-height-default elementor-section-height-default\" data-id=\"316045d\" data-element_type=\"section\">\n\t\t\t\t\t\t<div class=\"elementor-container elementor-column-gap-default\">\n\t\t\t\t\t<div class=\"elementor-column elementor-col-50 elementor-inner-column elementor-element elementor-element-bcd3c51\" data-id=\"bcd3c51\" data-element_type=\"column\">\n\t\t\t<div class=\"elementor-widget-wrap elementor-element-populated\">\n\t\t\t\t\t\t\t\t<div class=\"elementor-element elementor-element-9ccd882 elementor-position-left elementor-vertical-align-top elementor-widget elementor-widget-image-box\" data-id=\"9ccd882\" data-element_type=\"widget\" data-widget_type=\"image-box.default\">\n\t\t\t\t<div class=\"elementor-widget-container\">\n\t\t\t<style>\/*! elementor - v3.18.0 - 08-12-2023 *\/\n.elementor-widget-image-box .elementor-image-box-content{width:100%}@media (min-width:768px){.elementor-widget-image-box.elementor-position-left .elementor-image-box-wrapper,.elementor-widget-image-box.elementor-position-right .elementor-image-box-wrapper{display:flex}.elementor-widget-image-box.elementor-position-right .elementor-image-box-wrapper{text-align:right;flex-direction:row-reverse}.elementor-widget-image-box.elementor-position-left .elementor-image-box-wrapper{text-align:left;flex-direction:row}.elementor-widget-image-box.elementor-position-top .elementor-image-box-img{margin:auto}.elementor-widget-image-box.elementor-vertical-align-top .elementor-image-box-wrapper{align-items:flex-start}.elementor-widget-image-box.elementor-vertical-align-middle .elementor-image-box-wrapper{align-items:center}.elementor-widget-image-box.elementor-vertical-align-bottom .elementor-image-box-wrapper{align-items:flex-end}}@media (max-width:767px){.elementor-widget-image-box .elementor-image-box-img{margin-left:auto!important;margin-right:auto!important;margin-bottom:15px}}.elementor-widget-image-box .elementor-image-box-img{display:inline-block}.elementor-widget-image-box .elementor-image-box-title a{color:inherit}.elementor-widget-image-box .elementor-image-box-wrapper{text-align:center}.elementor-widget-image-box .elementor-image-box-description{margin:0}<\/style><div class=\"elementor-image-box-wrapper\"><figure class=\"elementor-image-box-img\"><img decoding=\"async\" src=\"https:\/\/www.k-schuessler.de\/de\/wp-content\/uploads\/sites\/5\/elementor\/thumbs\/icon-unser-unternehmen-qsxmd9phwexmw25b47itghlsvrmhw8nlyxt27skc4g.png\" title=\"icon-unser-unternehmen\" alt=\"icon-unser-unternehmen\" loading=\"lazy\" \/><\/figure><div class=\"elementor-image-box-content\"><h3 class=\"elementor-image-box-title\">IMPRESSUM<\/h3><\/div><\/div>\t\t<\/div>\n\t\t\t\t<\/div>\n\t\t\t\t\t<\/div>\n\t\t<\/div>\n\t\t\t\t<div class=\"elementor-column elementor-col-50 elementor-inner-column elementor-element elementor-element-7f25eb8\" data-id=\"7f25eb8\" data-element_type=\"column\">\n\t\t\t<div class=\"elementor-widget-wrap\">\n\t\t\t\t\t\t\t\t\t<\/div>\n\t\t<\/div>\n\t\t\t\t\t\t\t<\/div>\n\t\t<\/section>\n\t\t\t\t\t<\/div>\n\t\t<\/div>\n\t\t\t\t\t\t\t<\/div>\n\t\t<\/section>\n\t\t\t\t<section class=\"elementor-section elementor-top-section elementor-element elementor-element-86eeddb elementor-section-boxed elementor-section-height-default elementor-section-height-default\" data-id=\"86eeddb\" data-element_type=\"section\">\n\t\t\t\t\t\t<div class=\"elementor-container elementor-column-gap-default\">\n\t\t\t\t\t<div class=\"elementor-column elementor-col-100 elementor-top-column elementor-element elementor-element-9ed37f2\" data-id=\"9ed37f2\" data-element_type=\"column\">\n\t\t\t<div class=\"elementor-widget-wrap elementor-element-populated\">\n\t\t\t\t\t\t\t\t<section class=\"elementor-section elementor-inner-section elementor-element elementor-element-f5807fd elementor-section-boxed elementor-section-height-default elementor-section-height-default\" data-id=\"f5807fd\" data-element_type=\"section\">\n\t\t\t\t\t\t<div class=\"elementor-container elementor-column-gap-default\">\n\t\t\t\t\t<div class=\"elementor-column elementor-col-100 elementor-inner-column elementor-element elementor-element-8901cdc\" data-id=\"8901cdc\" data-element_type=\"column\">\n\t\t\t<div class=\"elementor-widget-wrap elementor-element-populated\">\n\t\t\t\t\t\t\t\t<div class=\"elementor-element elementor-element-c8e02d5 elementor-widget elementor-widget-text-editor\" data-id=\"c8e02d5\" data-element_type=\"widget\" data-widget_type=\"text-editor.default\">\n\t\t\t\t<div class=\"elementor-widget-container\">\n\t\t\t<style>\/*! elementor - v3.18.0 - 08-12-2023 *\/\n.elementor-widget-text-editor.elementor-drop-cap-view-stacked .elementor-drop-cap{background-color:#69727d;color:#fff}.elementor-widget-text-editor.elementor-drop-cap-view-framed .elementor-drop-cap{color:#69727d;border:3px solid;background-color:transparent}.elementor-widget-text-editor:not(.elementor-drop-cap-view-default) .elementor-drop-cap{margin-top:8px}.elementor-widget-text-editor:not(.elementor-drop-cap-view-default) .elementor-drop-cap-letter{width:1em;height:1em}.elementor-widget-text-editor .elementor-drop-cap{float:left;text-align:center;line-height:1;font-size:50px}.elementor-widget-text-editor .elementor-drop-cap-letter{display:inline-block}<\/style>\t\t\t\t<h2 class=\"article__title--black\">Karl SCH\u00dcSSLER GmbH &amp; Co. KG<\/h2><p>Bahnhofstrasse 108 <br \/>D- 72411 Bodelshausen<\/p><p>Telefon +49 74 71 \/ 95 90 &#8211; 0 <br \/>Telefax +49 74 71 \/ 95 90 &#8211; 90<\/p><p>E-Mail: <a href=\"mailto:info@k-schuessler.de\">info@k-schuessler.de<\/a> <br \/>Internet: <a href=\"http:\/\/www.k-schuessler.de\/de\">www.k-schuessler.de\/de<\/a><\/p><p>Kommanditgesellschaft, Sitz Bodelshausen <br \/>Amtsgericht T\u00fcbingen HRA 380801 <br \/>Pers\u00f6nlich haftende Gesellschafterin: <br \/>Sch\u00fcssler Verwaltungs-GmbH, Sitz Bodelshausen <br \/>Amtsgericht T\u00fcbingen HRB 380343 <br \/>Gesch\u00e4ftsf\u00fchrer: Helga Sch\u00fcssler, Klaus Karl Sch\u00fcssler, Dipl.-Wirtsch.-Ing.(FH) <br \/>Umsatzsteuer-Identifikationsnummer gem\u00e4\u00df \u00a7 27 a Umsatzsteuergesetz: DE 146893932<\/p><h2 class=\"article__title--black\">Verbraucherstreitbeteiligung:<\/h2><p>An einem Streitbeteiligungsverfahren vor einer Verbraucherschlichtungsstelle nimmt die Karl Sch\u00fcssler GmbH &amp; Co. KG nicht teil.<\/p>\t\t\t\t\t\t<\/div>\n\t\t\t\t<\/div>\n\t\t\t\t\t<\/div>\n\t\t<\/div>\n\t\t\t\t\t\t\t<\/div>\n\t\t<\/section>\n\t\t\t\t\t<\/div>\n\t\t<\/div>\n\t\t\t\t\t\t\t<\/div>\n\t\t<\/section>\n\t\t\t\t\t\t\t<\/div>\n\t\t","protected":false},"excerpt":{"rendered":"<p>IMPRESSUM Karl SCH\u00dcSSLER GmbH &amp; Co. KG Bahnhofstrasse 108 D- 72411 Bodelshausen Telefon +49 74 71 \/ 95 90 &#8211; 0 Telefax +49 74 71 \/ 95 90 &#8211; 90 E-Mail: info@k-schuessler.de Internet: www.k-schuessler.de\/de Kommanditgesellschaft, Sitz Bodelshausen Amtsgericht T\u00fcbingen HRA 380801 Pers\u00f6nlich haftende Gesellschafterin: Sch\u00fcssler Verwaltungs-GmbH, Sitz Bodelshausen Amtsgericht T\u00fcbingen HRB 380343 Gesch\u00e4ftsf\u00fchrer: Helga Sch\u00fcssler, [&hellip;]<\/p>\n","protected":false},"author":1,"featured_media":0,"parent":0,"menu_order":0,"comment_status":"closed","ping_status":"closed","template":"elementor_header_footer","meta":{"_acf_changed":false,"footnotes":""},"class_list":["post-5689","page","type-page","status-publish","hentry"],"acf":[],"_links":{"self":[{"href":"https:\/\/www.k-schuessler.de\/de\/wp-json\/wp\/v2\/pages\/5689","targetHints":{"allow":["GET"]}}],"collection":[{"href":"https:\/\/www.k-schuessler.de\/de\/wp-json\/wp\/v2\/pages"}],"about":[{"href":"https:\/\/www.k-schuessler.de\/de\/wp-json\/wp\/v2\/types\/page"}],"author":[{"embeddable":true,"href":"https:\/\/www.k-schuessler.de\/de\/wp-json\/wp\/v2\/users\/1"}],"replies":[{"embeddable":true,"href":"https:\/\/www.k-schuessler.de\/de\/wp-json\/wp\/v2\/comments?post=5689"}],"version-history":[{"count":10,"href":"https:\/\/www.k-schuessler.de\/de\/wp-json\/wp\/v2\/pages\/5689\/revisions"}],"predecessor-version":[{"id":6448,"href":"https:\/\/www.k-schuessler.de\/de\/wp-json\/wp\/v2\/pages\/5689\/revisions\/6448"}],"wp:attachment":[{"href":"https:\/\/www.k-schuessler.de\/de\/wp-json\/wp\/v2\/media?parent=5689"}],"curies":[{"name":"wp","href":"https:\/\/api.w.org\/{rel}","templated":true}]}}